{"id":390,"date":"2024-05-29T11:01:24","date_gmt":"2024-05-29T09:01:24","guid":{"rendered":"https:\/\/freiheitsgrad-ingenieure.de\/homepage\/"},"modified":"2025-10-27T13:28:23","modified_gmt":"2025-10-27T12:28:23","slug":"homepage","status":"publish","type":"page","link":"http:\/\/freiheitsgrad-ingenieure.de\/es\/","title":{"rendered":"Inicio"},"content":{"rendered":"\n<figure class=\"wp-block-video alignwide\" data-aos=\"fade-up\" data-aos-duration=\"750\"><video controls loop poster=\"http:\/\/freiheitsgrad-ingenieure.de\/wp-content\/uploads\/2025\/05\/video-overlay.webp\" preload=\"auto\" src=\"https:\/\/freiheitsgrad-ingenieure.de\/wp-content\/uploads\/video\/freiheitsgrad-intro.mp4\"><\/video><\/figure>\n\n\n\n<div class=\"wp-block-columns alignwide is-layout-flex wp-container-core-columns-is-layout-28f84493 wp-block-columns-is-layout-flex\">\n<div class=\"wp-block-column is-layout-flow wp-block-column-is-layout-flow\">\n<div class=\"wp-block-group has-global-padding is-layout-constrained wp-block-group-is-layout-constrained\" data-aos=\"fade-up\"><div class=\"relative  \">\r\n        <figure class=\"mx-auto text-center aos-init p-8 mb-2 rounded-md bg-white\/40 backdrop-blur-sm\" data-aos=\"fade-up\">\r\n        <svg class=\"w-10 h-10 mx-auto mb-3 text-black \" aria-hidden=\"true\" xmlns=\"http:\/\/www.w3.org\/2000\/svg\" fill=\"currentColor\" viewBox=\"0 0 18 14\">\r\n            <path d=\"M6 0H2a2 2 0 0 0-2 2v4a2 2 0 0 0 2 2h4v1a3 3 0 0 1-3 3H2a1 1 0 0 0 0 2h1a5.006 5.006 0 0 0 5-5V2a2 2 0 0 0-2-2Zm10 0h-4a2 2 0 0 0-2 2v4a2 2 0 0 0 2 2h4v1a3 3 0 0 1-3 3h-1a1 1 0 0 0 0 2h1a5.006 5.006 0 0 0 5-5V2a2 2 0 0 0-2-2Z\" \/>\r\n        <\/svg>\r\n        <blockquote>\r\n            <p class=\"text-lg lg:text-2xl text-black \">&bdquo;Para consolidar su posici\u00f3n como l\u00edderes mundiales en energ\u00eda e\u00f3lica marina, las empresas europeas deben desarrollar r\u00e1pidamente nuevas soluciones y procesos estandarizados. Solo as\u00ed podr\u00e1n ampliar el alcance de las aplicaciones de energ\u00eda e\u00f3lica marina y reducir costos. Este es un paso crucial para producir hidr\u00f3geno competitivo a nivel mundial y lograr la independencia energ\u00e9tica. Tambi\u00e9n promete una mayor creaci\u00f3n de valor nacional en productos posteriores y una mejora de la competitividad internacional de las industrias intensivas en energ\u00eda en Europa.&ldquo;<\/p>\r\n        <\/blockquote>\r\n        <figcaption class=\"flex items-center justify-center mt-6 flex-col lg:flex-row space-y-3 lg:space-x-3 \">\r\n                        <div class=\"flex flex-col lg:flex-row items-center divide-y lg:divide-y-0 lg:divide-x-2  divide-gray-500 \">\r\n                <cite class=\"pb-2 lg:pb-0 lg:pe-3 font-medium not-italic text-black \">Roland Berger<\/cite>\r\n                <cite class=\"pt-2 lg:pt-0 lg:ps-3 text-sm not-italic text-gray-500 \">\u201eInnovation und Industrialisierung: Offshore Windenergie\u201c <\/cite>\r\n            <\/div>\r\n        <\/figcaption>\r\n    <\/figure>\r\n<\/div>\n\n\n<p class=\"has-text-align-center kein-margin has-small-font-size\"><strong>Aqu\u00ed se encuentra el informe completo de Roland Berger:<\/strong><\/p>\n\n\n\n<div class=\"wp-block-buttons is-content-justification-center is-layout-flex wp-container-core-buttons-is-layout-d565fcec wp-block-buttons-is-layout-flex\" style=\"margin-top:var(--wp--preset--spacing--20);margin-bottom:var(--wp--preset--spacing--20)\">\n<div class=\"wp-block-button is-style-fill\"><a class=\"wp-block-button__link has-black-color has-text-color has-background has-link-color wp-element-button\" href=\"https:\/\/freiheitsgrad-ingenieure.de\/wp-content\/uploads\/2024\/07\/roland_berger_offshore_wind_energy-1.pdf\" style=\"background-color:#f9fafb\">Descarga PDF<\/a><\/div>\n<\/div>\n<\/div>\n<\/div>\n\n\n\n<div class=\"wp-block-column is-layout-flow wp-block-column-is-layout-flow\">\n<div class=\"wp-block-group abstand-oben has-global-padding is-layout-constrained wp-block-group-is-layout-constrained\" style=\"margin-top:0;padding-top:0\"><div class=\"relative  \">\r\n        <figure class=\"mx-auto text-center aos-init p-8 mb-2 rounded-md bg-white\/40 backdrop-blur-sm\" data-aos=\"fade-up\">\r\n        <svg class=\"w-10 h-10 mx-auto mb-3 text-black \" aria-hidden=\"true\" xmlns=\"http:\/\/www.w3.org\/2000\/svg\" fill=\"currentColor\" viewBox=\"0 0 18 14\">\r\n            <path d=\"M6 0H2a2 2 0 0 0-2 2v4a2 2 0 0 0 2 2h4v1a3 3 0 0 1-3 3H2a1 1 0 0 0 0 2h1a5.006 5.006 0 0 0 5-5V2a2 2 0 0 0-2-2Zm10 0h-4a2 2 0 0 0-2 2v4a2 2 0 0 0 2 2h4v1a3 3 0 0 1-3 3h-1a1 1 0 0 0 0 2h1a5.006 5.006 0 0 0 5-5V2a2 2 0 0 0-2-2Z\" \/>\r\n        <\/svg>\r\n        <blockquote>\r\n            <p class=\"text-lg lg:text-2xl text-black \">&bdquo;La cimentaci\u00f3n de pilas y riostras es una propuesta sensata para la reutilizaci\u00f3n de sitios existentes y para el repotenciamiento.&ldquo;<\/p>\r\n        <\/blockquote>\r\n        <figcaption class=\"flex items-center justify-center mt-6 flex-col lg:flex-row space-y-3 lg:space-x-3 \">\r\n            <img loading=\"lazy\" decoding=\"async\" width=\"150\" height=\"150\" src=\"http:\/\/freiheitsgrad-ingenieure.de\/wp-content\/uploads\/2024\/07\/SF-Ingenieure-Kiel-Conrad-Hansen.jpg\" class=\"size-10 rounded-full\" alt=\"\" srcset=\"http:\/\/freiheitsgrad-ingenieure.de\/wp-content\/uploads\/2024\/07\/SF-Ingenieure-Kiel-Conrad-Hansen.jpg 600w, http:\/\/freiheitsgrad-ingenieure.de\/wp-content\/uploads\/2024\/07\/SF-Ingenieure-Kiel-Conrad-Hansen-300x300.jpg 300w, http:\/\/freiheitsgrad-ingenieure.de\/wp-content\/uploads\/2024\/07\/SF-Ingenieure-Kiel-Conrad-Hansen-150x150.jpg 150w\" sizes=\"auto, (max-width: 150px) 100vw, 150px\" \/>            <div class=\"flex flex-col lg:flex-row items-center divide-y lg:divide-y-0 lg:divide-x-2  divide-gray-500 \">\r\n                <cite class=\"pb-2 lg:pb-0 lg:pe-3 font-medium not-italic text-black \">Conrad Hansen<\/cite>\r\n                <cite class=\"pt-2 lg:pt-0 lg:ps-3 text-sm not-italic text-gray-500 \">Director General, Freiheitsgrad Ingenieurgesellschaft mbH<\/cite>\r\n            <\/div>\r\n        <\/figcaption>\r\n    <\/figure>\r\n<\/div><\/div>\n<\/div>\n<\/div>\n","protected":false},"excerpt":{"rendered":"<p>Aqu\u00ed se encuentra el informe completo de Roland Berger:<\/p>\n","protected":false},"author":1,"featured_media":0,"parent":0,"menu_order":0,"comment_status":"closed","ping_status":"open","template":"","meta":{"_acf_changed":false,"inline_featured_image":false,"footnotes":""},"class_list":["post-390","page","type-page","status-publish","hentry"],"acf":[],"yoast_head":"<!-- This site is optimized with the Yoast SEO plugin v26.2 - https:\/\/yoast.com\/wordpress\/plugins\/seo\/ -->\n<title>Inicio - Freiheitsgrad Ingenieurgesellschaft mbH<\/title>\n<meta name=\"description\" content=\"We are a company based in Schleswig-Holstein dedicated to developing innovative solutions in structural engineering.\" \/>\n<meta name=\"robots\" content=\"index, follow, max-snippet:-1, max-image-preview:large, max-video-preview:-1\" \/>\n<link rel=\"canonical\" href=\"http:\/\/freiheitsgrad-ingenieure.de\/es\/\" \/>\n<meta property=\"og:locale\" content=\"es_ES\" \/>\n<meta property=\"og:type\" content=\"article\" \/>\n<meta property=\"og:title\" content=\"Inicio - Freiheitsgrad Ingenieurgesellschaft mbH\" \/>\n<meta property=\"og:description\" content=\"We are a company based in Schleswig-Holstein dedicated to developing innovative solutions in structural engineering.\" \/>\n<meta property=\"og:url\" content=\"http:\/\/freiheitsgrad-ingenieure.de\/es\/\" \/>\n<meta property=\"og:site_name\" content=\"Freiheitsgrad Ingenieurgesellschaft mbH\" \/>\n<meta property=\"article:modified_time\" content=\"2025-10-27T12:28:23+00:00\" \/>\n<meta name=\"twitter:card\" content=\"summary_large_image\" \/>\n<meta name=\"twitter:label1\" content=\"Tiempo de lectura\" \/>\n\t<meta name=\"twitter:data1\" content=\"1 minuto\" \/>\n<script type=\"application\/ld+json\" class=\"yoast-schema-graph\">{\"@context\":\"https:\/\/schema.org\",\"@graph\":[{\"@type\":\"WebPage\",\"@id\":\"http:\/\/freiheitsgrad-ingenieure.de\/es\/\",\"url\":\"http:\/\/freiheitsgrad-ingenieure.de\/es\/\",\"name\":\"Inicio - Freiheitsgrad Ingenieurgesellschaft mbH\",\"isPartOf\":{\"@id\":\"http:\/\/freiheitsgrad-ingenieure.de\/es\/#website\"},\"datePublished\":\"2024-05-29T09:01:24+00:00\",\"dateModified\":\"2025-10-27T12:28:23+00:00\",\"description\":\"We are a company based in Schleswig-Holstein dedicated to developing innovative solutions in structural engineering.\",\"breadcrumb\":{\"@id\":\"http:\/\/freiheitsgrad-ingenieure.de\/es\/#breadcrumb\"},\"inLanguage\":\"es\",\"potentialAction\":[{\"@type\":\"ReadAction\",\"target\":[\"http:\/\/freiheitsgrad-ingenieure.de\/es\/\"]}]},{\"@type\":\"BreadcrumbList\",\"@id\":\"http:\/\/freiheitsgrad-ingenieure.de\/es\/#breadcrumb\",\"itemListElement\":[{\"@type\":\"ListItem\",\"position\":1,\"name\":\"Startseite\",\"item\":\"http:\/\/freiheitsgrad-ingenieure.de\/es\/\"},{\"@type\":\"ListItem\",\"position\":2,\"name\":\"Inicio\"}]},{\"@type\":\"WebSite\",\"@id\":\"http:\/\/freiheitsgrad-ingenieure.de\/es\/#website\",\"url\":\"http:\/\/freiheitsgrad-ingenieure.de\/es\/\",\"name\":\"Freiheitsgrad Ingenieure\",\"description\":\"Die Freiheitsgrad Ingenieurgesellschaft mbH ist ein Unternehmen in Schleswig-Holstein, das sich der Entwicklung von innovativen L\u00f6sungen in der Tragwerksplanung verschrieben hat.\",\"potentialAction\":[{\"@type\":\"SearchAction\",\"target\":{\"@type\":\"EntryPoint\",\"urlTemplate\":\"http:\/\/freiheitsgrad-ingenieure.de\/es\/?s={search_term_string}\"},\"query-input\":{\"@type\":\"PropertyValueSpecification\",\"valueRequired\":true,\"valueName\":\"search_term_string\"}}],\"inLanguage\":\"es\"}]}<\/script>\n<!-- \/ Yoast SEO plugin. -->","yoast_head_json":{"title":"Inicio - Freiheitsgrad Ingenieurgesellschaft mbH","description":"We are a company based in Schleswig-Holstein dedicated to developing innovative solutions in structural engineering.","robots":{"index":"index","follow":"follow","max-snippet":"max-snippet:-1","max-image-preview":"max-image-preview:large","max-video-preview":"max-video-preview:-1"},"canonical":"http:\/\/freiheitsgrad-ingenieure.de\/es\/","og_locale":"es_ES","og_type":"article","og_title":"Inicio - Freiheitsgrad Ingenieurgesellschaft mbH","og_description":"We are a company based in Schleswig-Holstein dedicated to developing innovative solutions in structural engineering.","og_url":"http:\/\/freiheitsgrad-ingenieure.de\/es\/","og_site_name":"Freiheitsgrad Ingenieurgesellschaft mbH","article_modified_time":"2025-10-27T12:28:23+00:00","twitter_card":"summary_large_image","twitter_misc":{"Tiempo de lectura":"1 minuto"},"schema":{"@context":"https:\/\/schema.org","@graph":[{"@type":"WebPage","@id":"http:\/\/freiheitsgrad-ingenieure.de\/es\/","url":"http:\/\/freiheitsgrad-ingenieure.de\/es\/","name":"Inicio - Freiheitsgrad Ingenieurgesellschaft mbH","isPartOf":{"@id":"http:\/\/freiheitsgrad-ingenieure.de\/es\/#website"},"datePublished":"2024-05-29T09:01:24+00:00","dateModified":"2025-10-27T12:28:23+00:00","description":"We are a company based in Schleswig-Holstein dedicated to developing innovative solutions in structural engineering.","breadcrumb":{"@id":"http:\/\/freiheitsgrad-ingenieure.de\/es\/#breadcrumb"},"inLanguage":"es","potentialAction":[{"@type":"ReadAction","target":["http:\/\/freiheitsgrad-ingenieure.de\/es\/"]}]},{"@type":"BreadcrumbList","@id":"http:\/\/freiheitsgrad-ingenieure.de\/es\/#breadcrumb","itemListElement":[{"@type":"ListItem","position":1,"name":"Startseite","item":"http:\/\/freiheitsgrad-ingenieure.de\/es\/"},{"@type":"ListItem","position":2,"name":"Inicio"}]},{"@type":"WebSite","@id":"http:\/\/freiheitsgrad-ingenieure.de\/es\/#website","url":"http:\/\/freiheitsgrad-ingenieure.de\/es\/","name":"Freiheitsgrad Ingenieure","description":"Die Freiheitsgrad Ingenieurgesellschaft mbH ist ein Unternehmen in Schleswig-Holstein, das sich der Entwicklung von innovativen L\u00f6sungen in der Tragwerksplanung verschrieben hat.","potentialAction":[{"@type":"SearchAction","target":{"@type":"EntryPoint","urlTemplate":"http:\/\/freiheitsgrad-ingenieure.de\/es\/?s={search_term_string}"},"query-input":{"@type":"PropertyValueSpecification","valueRequired":true,"valueName":"search_term_string"}}],"inLanguage":"es"}]}},"_links":{"self":[{"href":"http:\/\/freiheitsgrad-ingenieure.de\/es\/wp-json\/wp\/v2\/pages\/390","targetHints":{"allow":["GET"]}}],"collection":[{"href":"http:\/\/freiheitsgrad-ingenieure.de\/es\/wp-json\/wp\/v2\/pages"}],"about":[{"href":"http:\/\/freiheitsgrad-ingenieure.de\/es\/wp-json\/wp\/v2\/types\/page"}],"author":[{"embeddable":true,"href":"http:\/\/freiheitsgrad-ingenieure.de\/es\/wp-json\/wp\/v2\/users\/1"}],"replies":[{"embeddable":true,"href":"http:\/\/freiheitsgrad-ingenieure.de\/es\/wp-json\/wp\/v2\/comments?post=390"}],"version-history":[{"count":6,"href":"http:\/\/freiheitsgrad-ingenieure.de\/es\/wp-json\/wp\/v2\/pages\/390\/revisions"}],"predecessor-version":[{"id":416,"href":"http:\/\/freiheitsgrad-ingenieure.de\/es\/wp-json\/wp\/v2\/pages\/390\/revisions\/416"}],"wp:attachment":[{"href":"http:\/\/freiheitsgrad-ingenieure.de\/es\/wp-json\/wp\/v2\/media?parent=390"}],"curies":[{"name":"wp","href":"https:\/\/api.w.org\/{rel}","templated":true}]}}