{"id":397,"date":"2024-06-13T09:38:42","date_gmt":"2024-06-13T07:38:42","guid":{"rendered":"https:\/\/freiheitsgrad-ingenieure.de\/empresa\/"},"modified":"2025-10-27T15:07:58","modified_gmt":"2025-10-27T14:07:58","slug":"empresa","status":"publish","type":"page","link":"https:\/\/freiheitsgrad-ingenieure.de\/es\/empresa\/","title":{"rendered":"Empresa"},"content":{"rendered":"\n<div class=\"wp-block-group alignwide has-global-padding is-layout-constrained wp-block-group-is-layout-constrained\" style=\"margin-top:var(--wp--preset--spacing--80);margin-bottom:var(--wp--preset--spacing--80)\">\n<h1 class=\"wp-block-heading alignwide\" data-aos=\"fade\">Empresa<\/h1>\n\n\n\n<div class=\"wp-block-columns alignwide is-layout-flex wp-container-core-columns-is-layout-cf05694f wp-block-columns-is-layout-flex\">\n<div class=\"wp-block-column is-layout-flow wp-block-column-is-layout-flow\">\n<div class=\"wp-block-group has-global-padding is-layout-constrained wp-block-group-is-layout-constrained\" style=\"margin-top:0;margin-bottom:0;padding-top:var(--wp--preset--spacing--30);padding-bottom:var(--wp--preset--spacing--30)\" data-aos=\"fade-up\">\n<div class=\"wp-block-group has-global-padding is-layout-constrained wp-block-group-is-layout-constrained\" data-aos=\"fade\">\n<h2 class=\"wp-block-heading\">Nuestra Filosof\u00eda<\/h2>\n\n\n\n<p class=\"has-large-font-size\">Freiheitsgrad Ingenieurgesellschaft mbH es una empresa con sede en Schleswig-Holstein dedicada al desarrollo de soluciones innovadoras en ingenier\u00eda estructural. Muchos a\u00f1os de experiencia en este campo y un profundo an\u00e1lisis del potencial de nuevos enfoques t\u00e9cnicos constituyen la base de nuestro trabajo. <\/p>\n\n\n\n<p class=\"has-large-font-size\">Wir stehen im engen Kontakt zu anderen Akteuren aus Industrie und Forschung, um neue Entwicklungen kompetent zu begleiten.\nUnsere besondere Aufmerksamkeit gilt der Entwicklung von rohstoff- und energiesparenden sowie langlebigen Konstruktionen.\n <\/p>\n<\/div>\n<\/div>\n<\/div>\n\n\n\n<div class=\"wp-block-column is-layout-flow wp-block-column-is-layout-flow\" data-aos=\"fade\">\n<div class=\"wp-block-group has-global-padding is-layout-constrained wp-block-group-is-layout-constrained\" data-aos=\"fade-up\">\n<h2 class=\"wp-block-heading\">Servicios<\/h2>\n\n\n\n<ul class=\"wp-block-list\">\n<li class=\"has-large-font-size\">Ingenier\u00eda estructural desde el inicio \u2013 desde estudios preliminares hasta el dise\u00f1o detallado<\/li>\n\n\n\n<li class=\"has-large-font-size\">Informes y peritajes t\u00e9cnicos<\/li>\n\n\n\n<li class=\"has-large-font-size\">Asesoramiento t\u00e9cnico y econ\u00f3mico<\/li>\n<\/ul>\n<\/div>\n<\/div>\n<\/div>\n\n\n\n<div class=\"wp-block-columns alignwide is-layout-flex wp-container-core-columns-is-layout-28f84493 wp-block-columns-is-layout-flex\">\n<div class=\"wp-block-column is-vertically-aligned-center has-global-padding is-layout-constrained wp-container-core-column-is-layout-bea02a06 wp-block-column-is-layout-constrained\" style=\"flex-basis:100%\" data-aos=\"fade\">\n<div class=\"wp-block-group investoren-gesucht has-global-padding is-content-justification-left is-layout-constrained wp-container-core-group-is-layout-8b4c372c wp-block-group-is-layout-constrained\" data-aos=\"fade-up\">\n<h2 class=\"wp-block-heading\">Se Buscan Inversores \/ Socios<\/h2>\n\n\n\n<p class=\"has-large-font-size\">Queremos crecer porque sabemos que nos esperan grandes desaf\u00edos.<\/p>\n\n\n\n<p class=\"has-large-font-size\">Para ello se necesita capital. Freiheitsgrad Ingenieurgesellschaft mbH ofrece oportunidades de participaci\u00f3n activa y pasiva.  P\u00f3ngase en <a href=\"https:\/\/freiheitsgrad-ingenieure.de\/es\/contacto\/\">contacto<\/a> con nosotros.<\/p>\n<\/div>\n<\/div>\n<\/div>\n<\/div>\n","protected":false},"excerpt":{"rendered":"<p>Empresa Nuestra Filosof\u00eda Freiheitsgrad Ingenieurgesellschaft mbH es una empresa con sede en Schleswig-Holstein dedicada al desarrollo de soluciones innovadoras en ingenier\u00eda estructural. Muchos a\u00f1os de experiencia en este campo y un profundo an\u00e1lisis del potencial de nuevos enfoques t\u00e9cnicos constituyen la base de nuestro trabajo. Wir stehen im engen Kontakt zu anderen Akteuren aus Industrie [&hellip;]<\/p>\n","protected":false},"author":1,"featured_media":0,"parent":0,"menu_order":0,"comment_status":"closed","ping_status":"closed","template":"","meta":{"_acf_changed":false,"inline_featured_image":false,"footnotes":""},"class_list":["post-397","page","type-page","status-publish","hentry"],"acf":[],"yoast_head":"<!-- This site is optimized with the Yoast SEO plugin v26.2 - https:\/\/yoast.com\/wordpress\/plugins\/seo\/ -->\n<title>Empresa - Freiheitsgrad Ingenieurgesellschaft mbH<\/title>\n<meta name=\"robots\" content=\"index, follow, max-snippet:-1, max-image-preview:large, max-video-preview:-1\" \/>\n<link rel=\"canonical\" href=\"https:\/\/freiheitsgrad-ingenieure.de\/es\/empresa\/\" \/>\n<meta property=\"og:locale\" content=\"es_ES\" \/>\n<meta property=\"og:type\" content=\"article\" \/>\n<meta property=\"og:title\" content=\"Empresa - Freiheitsgrad Ingenieurgesellschaft mbH\" \/>\n<meta property=\"og:description\" content=\"Empresa Nuestra Filosof\u00eda Freiheitsgrad Ingenieurgesellschaft mbH es una empresa con sede en Schleswig-Holstein dedicada al desarrollo de soluciones innovadoras en ingenier\u00eda estructural. Muchos a\u00f1os de experiencia en este campo y un profundo an\u00e1lisis del potencial de nuevos enfoques t\u00e9cnicos constituyen la base de nuestro trabajo. Wir stehen im engen Kontakt zu anderen Akteuren aus Industrie [&hellip;]\" \/>\n<meta property=\"og:url\" content=\"https:\/\/freiheitsgrad-ingenieure.de\/es\/empresa\/\" \/>\n<meta property=\"og:site_name\" content=\"Freiheitsgrad Ingenieurgesellschaft mbH\" \/>\n<meta property=\"article:modified_time\" content=\"2025-10-27T14:07:58+00:00\" \/>\n<meta name=\"twitter:card\" content=\"summary_large_image\" \/>\n<meta name=\"twitter:label1\" content=\"Tiempo de lectura\" \/>\n\t<meta name=\"twitter:data1\" content=\"1 minuto\" \/>\n<script type=\"application\/ld+json\" class=\"yoast-schema-graph\">{\"@context\":\"https:\/\/schema.org\",\"@graph\":[{\"@type\":\"WebPage\",\"@id\":\"https:\/\/freiheitsgrad-ingenieure.de\/es\/empresa\/\",\"url\":\"https:\/\/freiheitsgrad-ingenieure.de\/es\/empresa\/\",\"name\":\"Empresa - Freiheitsgrad Ingenieurgesellschaft mbH\",\"isPartOf\":{\"@id\":\"http:\/\/freiheitsgrad-ingenieure.de\/es\/#website\"},\"datePublished\":\"2024-06-13T07:38:42+00:00\",\"dateModified\":\"2025-10-27T14:07:58+00:00\",\"breadcrumb\":{\"@id\":\"https:\/\/freiheitsgrad-ingenieure.de\/es\/empresa\/#breadcrumb\"},\"inLanguage\":\"es\",\"potentialAction\":[{\"@type\":\"ReadAction\",\"target\":[\"https:\/\/freiheitsgrad-ingenieure.de\/es\/empresa\/\"]}]},{\"@type\":\"BreadcrumbList\",\"@id\":\"https:\/\/freiheitsgrad-ingenieure.de\/es\/empresa\/#breadcrumb\",\"itemListElement\":[{\"@type\":\"ListItem\",\"position\":1,\"name\":\"Startseite\",\"item\":\"http:\/\/freiheitsgrad-ingenieure.de\/es\/\"},{\"@type\":\"ListItem\",\"position\":2,\"name\":\"Empresa\"}]},{\"@type\":\"WebSite\",\"@id\":\"http:\/\/freiheitsgrad-ingenieure.de\/es\/#website\",\"url\":\"http:\/\/freiheitsgrad-ingenieure.de\/es\/\",\"name\":\"Freiheitsgrad Ingenieure\",\"description\":\"Die Freiheitsgrad Ingenieurgesellschaft mbH ist ein Unternehmen in Schleswig-Holstein, das sich der Entwicklung von innovativen L\u00f6sungen in der Tragwerksplanung verschrieben hat.\",\"potentialAction\":[{\"@type\":\"SearchAction\",\"target\":{\"@type\":\"EntryPoint\",\"urlTemplate\":\"http:\/\/freiheitsgrad-ingenieure.de\/es\/?s={search_term_string}\"},\"query-input\":{\"@type\":\"PropertyValueSpecification\",\"valueRequired\":true,\"valueName\":\"search_term_string\"}}],\"inLanguage\":\"es\"}]}<\/script>\n<!-- \/ Yoast SEO plugin. -->","yoast_head_json":{"title":"Empresa - Freiheitsgrad Ingenieurgesellschaft mbH","robots":{"index":"index","follow":"follow","max-snippet":"max-snippet:-1","max-image-preview":"max-image-preview:large","max-video-preview":"max-video-preview:-1"},"canonical":"https:\/\/freiheitsgrad-ingenieure.de\/es\/empresa\/","og_locale":"es_ES","og_type":"article","og_title":"Empresa - Freiheitsgrad Ingenieurgesellschaft mbH","og_description":"Empresa Nuestra Filosof\u00eda Freiheitsgrad Ingenieurgesellschaft mbH es una empresa con sede en Schleswig-Holstein dedicada al desarrollo de soluciones innovadoras en ingenier\u00eda estructural. Muchos a\u00f1os de experiencia en este campo y un profundo an\u00e1lisis del potencial de nuevos enfoques t\u00e9cnicos constituyen la base de nuestro trabajo. Wir stehen im engen Kontakt zu anderen Akteuren aus Industrie [&hellip;]","og_url":"https:\/\/freiheitsgrad-ingenieure.de\/es\/empresa\/","og_site_name":"Freiheitsgrad Ingenieurgesellschaft mbH","article_modified_time":"2025-10-27T14:07:58+00:00","twitter_card":"summary_large_image","twitter_misc":{"Tiempo de lectura":"1 minuto"},"schema":{"@context":"https:\/\/schema.org","@graph":[{"@type":"WebPage","@id":"https:\/\/freiheitsgrad-ingenieure.de\/es\/empresa\/","url":"https:\/\/freiheitsgrad-ingenieure.de\/es\/empresa\/","name":"Empresa - Freiheitsgrad Ingenieurgesellschaft mbH","isPartOf":{"@id":"http:\/\/freiheitsgrad-ingenieure.de\/es\/#website"},"datePublished":"2024-06-13T07:38:42+00:00","dateModified":"2025-10-27T14:07:58+00:00","breadcrumb":{"@id":"https:\/\/freiheitsgrad-ingenieure.de\/es\/empresa\/#breadcrumb"},"inLanguage":"es","potentialAction":[{"@type":"ReadAction","target":["https:\/\/freiheitsgrad-ingenieure.de\/es\/empresa\/"]}]},{"@type":"BreadcrumbList","@id":"https:\/\/freiheitsgrad-ingenieure.de\/es\/empresa\/#breadcrumb","itemListElement":[{"@type":"ListItem","position":1,"name":"Startseite","item":"http:\/\/freiheitsgrad-ingenieure.de\/es\/"},{"@type":"ListItem","position":2,"name":"Empresa"}]},{"@type":"WebSite","@id":"http:\/\/freiheitsgrad-ingenieure.de\/es\/#website","url":"http:\/\/freiheitsgrad-ingenieure.de\/es\/","name":"Freiheitsgrad Ingenieure","description":"Die Freiheitsgrad Ingenieurgesellschaft mbH ist ein Unternehmen in Schleswig-Holstein, das sich der Entwicklung von innovativen L\u00f6sungen in der Tragwerksplanung verschrieben hat.","potentialAction":[{"@type":"SearchAction","target":{"@type":"EntryPoint","urlTemplate":"http:\/\/freiheitsgrad-ingenieure.de\/es\/?s={search_term_string}"},"query-input":{"@type":"PropertyValueSpecification","valueRequired":true,"valueName":"search_term_string"}}],"inLanguage":"es"}]}},"_links":{"self":[{"href":"https:\/\/freiheitsgrad-ingenieure.de\/es\/wp-json\/wp\/v2\/pages\/397","targetHints":{"allow":["GET"]}}],"collection":[{"href":"https:\/\/freiheitsgrad-ingenieure.de\/es\/wp-json\/wp\/v2\/pages"}],"about":[{"href":"https:\/\/freiheitsgrad-ingenieure.de\/es\/wp-json\/wp\/v2\/types\/page"}],"author":[{"embeddable":true,"href":"https:\/\/freiheitsgrad-ingenieure.de\/es\/wp-json\/wp\/v2\/users\/1"}],"replies":[{"embeddable":true,"href":"https:\/\/freiheitsgrad-ingenieure.de\/es\/wp-json\/wp\/v2\/comments?post=397"}],"version-history":[{"count":3,"href":"https:\/\/freiheitsgrad-ingenieure.de\/es\/wp-json\/wp\/v2\/pages\/397\/revisions"}],"predecessor-version":[{"id":428,"href":"https:\/\/freiheitsgrad-ingenieure.de\/es\/wp-json\/wp\/v2\/pages\/397\/revisions\/428"}],"wp:attachment":[{"href":"https:\/\/freiheitsgrad-ingenieure.de\/es\/wp-json\/wp\/v2\/media?parent=397"}],"curies":[{"name":"wp","href":"https:\/\/api.w.org\/{rel}","templated":true}]}}