{"id":402,"date":"2024-06-13T09:40:56","date_gmt":"2024-06-13T07:40:56","guid":{"rendered":"https:\/\/freiheitsgrad-ingenieure.de\/cimentacion-de-pilas-y-riostras\/"},"modified":"2025-10-27T12:59:53","modified_gmt":"2025-10-27T11:59:53","slug":"cimentacion-de-pilas-y-riostras","status":"publish","type":"page","link":"https:\/\/freiheitsgrad-ingenieure.de\/es\/cimentacion-de-pilas-y-riostras\/","title":{"rendered":"Cimentaci\u00f3n de Pilas y Riostras"},"content":{"rendered":"\n<div class=\"wp-block-group has-global-padding is-layout-constrained wp-container-core-group-is-layout-5e8a24d8 wp-block-group-is-layout-constrained\" style=\"margin-top:var(--wp--preset--spacing--80);margin-bottom:var(--wp--preset--spacing--80);padding-top:0;padding-right:0;padding-bottom:0;padding-left:0\">\n<h1 class=\"wp-block-heading\">Cimentaci\u00f3n de Pilas y Riostras<\/h1>\n\n\n\n<div class=\"wp-block-columns is-layout-flex wp-container-core-columns-is-layout-28f84493 wp-block-columns-is-layout-flex\">\n<div class=\"wp-block-column is-layout-flow wp-block-column-is-layout-flow\">\n<p>Der Bau von Offshore &#8211; Windenergieanlagen erfordert von Ingenieuren und Kaufleuten die Bereitschaft zum Beschreiten neuer Wege. Die Pfahl-Streben-Gr\u00fcndung nimmt im besonderen Ma\u00df R\u00fccksicht auf die Bedingungen der Offshore -Windkraftnutzung. Die Pfahl\u2013Streben\u2013Gr\u00fcndung ist eine Variation des Tripods.  <\/p>\n\n\n\n<p>The bracing framework is positioned above the design wave level and consists of lateral trusses, corner tubes connecting to the foundation piles, a central tube connecting to the tower shaft, and main braces that support the tower at the central node against wind loads.<\/p>\n<\/div>\n\n\n\n<div class=\"wp-block-column is-layout-flow wp-block-column-is-layout-flow\">\n<figure class=\"wp-block-image size-full\"><img loading=\"lazy\" decoding=\"async\" width=\"565\" height=\"680\" src=\"http:\/\/freiheitsgrad-ingenieure.de\/wp-content\/uploads\/2024\/07\/pfahl-streben-grafik.webp\" alt=\"\" class=\"wp-image-212\" srcset=\"https:\/\/freiheitsgrad-ingenieure.de\/wp-content\/uploads\/2024\/07\/pfahl-streben-grafik.webp 565w, https:\/\/freiheitsgrad-ingenieure.de\/wp-content\/uploads\/2024\/07\/pfahl-streben-grafik-249x300.webp 249w\" sizes=\"auto, (max-width: 565px) 100vw, 565px\" \/><\/figure>\n<\/div>\n<\/div>\n<\/div>\n","protected":false},"excerpt":{"rendered":"<p>Cimentaci\u00f3n de Pilas y Riostras Der Bau von Offshore &#8211; Windenergieanlagen erfordert von Ingenieuren und Kaufleuten die Bereitschaft zum Beschreiten neuer Wege. Die Pfahl-Streben-Gr\u00fcndung nimmt im besonderen Ma\u00df R\u00fccksicht auf die Bedingungen der Offshore -Windkraftnutzung. Die Pfahl\u2013Streben\u2013Gr\u00fcndung ist eine Variation des Tripods. The bracing framework is positioned above the design wave level and consists of [&hellip;]<\/p>\n","protected":false},"author":1,"featured_media":0,"parent":0,"menu_order":0,"comment_status":"closed","ping_status":"closed","template":"","meta":{"_acf_changed":false,"inline_featured_image":false,"footnotes":""},"class_list":["post-402","page","type-page","status-publish","hentry"],"acf":[],"yoast_head":"<!-- This site is optimized with the Yoast SEO plugin v26.2 - https:\/\/yoast.com\/wordpress\/plugins\/seo\/ -->\n<title>Cimentaci\u00f3n de Pilas y Riostras - Freiheitsgrad Ingenieurgesellschaft mbH<\/title>\n<meta name=\"robots\" content=\"index, follow, max-snippet:-1, max-image-preview:large, max-video-preview:-1\" \/>\n<link rel=\"canonical\" href=\"https:\/\/freiheitsgrad-ingenieure.de\/es\/cimentacion-de-pilas-y-riostras\/\" \/>\n<meta property=\"og:locale\" content=\"es_ES\" \/>\n<meta property=\"og:type\" content=\"article\" \/>\n<meta property=\"og:title\" content=\"Cimentaci\u00f3n de Pilas y Riostras - Freiheitsgrad Ingenieurgesellschaft mbH\" \/>\n<meta property=\"og:description\" content=\"Cimentaci\u00f3n de Pilas y Riostras Der Bau von Offshore &#8211; Windenergieanlagen erfordert von Ingenieuren und Kaufleuten die Bereitschaft zum Beschreiten neuer Wege. Die Pfahl-Streben-Gr\u00fcndung nimmt im besonderen Ma\u00df R\u00fccksicht auf die Bedingungen der Offshore -Windkraftnutzung. Die Pfahl\u2013Streben\u2013Gr\u00fcndung ist eine Variation des Tripods. The bracing framework is positioned above the design wave level and consists of [&hellip;]\" \/>\n<meta property=\"og:url\" content=\"https:\/\/freiheitsgrad-ingenieure.de\/es\/cimentacion-de-pilas-y-riostras\/\" \/>\n<meta property=\"og:site_name\" content=\"Freiheitsgrad Ingenieurgesellschaft mbH\" \/>\n<meta property=\"article:modified_time\" content=\"2025-10-27T11:59:53+00:00\" \/>\n<meta property=\"og:image\" content=\"http:\/\/freiheitsgrad-ingenieure.de\/wp-content\/uploads\/2024\/07\/pfahl-streben-grafik.webp\" \/>\n<meta name=\"twitter:card\" content=\"summary_large_image\" \/>\n<script type=\"application\/ld+json\" class=\"yoast-schema-graph\">{\"@context\":\"https:\/\/schema.org\",\"@graph\":[{\"@type\":\"WebPage\",\"@id\":\"https:\/\/freiheitsgrad-ingenieure.de\/es\/cimentacion-de-pilas-y-riostras\/\",\"url\":\"https:\/\/freiheitsgrad-ingenieure.de\/es\/cimentacion-de-pilas-y-riostras\/\",\"name\":\"Cimentaci\u00f3n de Pilas y Riostras - Freiheitsgrad Ingenieurgesellschaft mbH\",\"isPartOf\":{\"@id\":\"http:\/\/freiheitsgrad-ingenieure.de\/es\/#website\"},\"primaryImageOfPage\":{\"@id\":\"https:\/\/freiheitsgrad-ingenieure.de\/es\/cimentacion-de-pilas-y-riostras\/#primaryimage\"},\"image\":{\"@id\":\"https:\/\/freiheitsgrad-ingenieure.de\/es\/cimentacion-de-pilas-y-riostras\/#primaryimage\"},\"thumbnailUrl\":\"http:\/\/freiheitsgrad-ingenieure.de\/wp-content\/uploads\/2024\/07\/pfahl-streben-grafik.webp\",\"datePublished\":\"2024-06-13T07:40:56+00:00\",\"dateModified\":\"2025-10-27T11:59:53+00:00\",\"breadcrumb\":{\"@id\":\"https:\/\/freiheitsgrad-ingenieure.de\/es\/cimentacion-de-pilas-y-riostras\/#breadcrumb\"},\"inLanguage\":\"es\",\"potentialAction\":[{\"@type\":\"ReadAction\",\"target\":[\"https:\/\/freiheitsgrad-ingenieure.de\/es\/cimentacion-de-pilas-y-riostras\/\"]}]},{\"@type\":\"ImageObject\",\"inLanguage\":\"es\",\"@id\":\"https:\/\/freiheitsgrad-ingenieure.de\/es\/cimentacion-de-pilas-y-riostras\/#primaryimage\",\"url\":\"http:\/\/freiheitsgrad-ingenieure.de\/wp-content\/uploads\/2024\/07\/pfahl-streben-grafik.webp\",\"contentUrl\":\"http:\/\/freiheitsgrad-ingenieure.de\/wp-content\/uploads\/2024\/07\/pfahl-streben-grafik.webp\"},{\"@type\":\"BreadcrumbList\",\"@id\":\"https:\/\/freiheitsgrad-ingenieure.de\/es\/cimentacion-de-pilas-y-riostras\/#breadcrumb\",\"itemListElement\":[{\"@type\":\"ListItem\",\"position\":1,\"name\":\"Startseite\",\"item\":\"http:\/\/freiheitsgrad-ingenieure.de\/es\/\"},{\"@type\":\"ListItem\",\"position\":2,\"name\":\"Cimentaci\u00f3n de Pilas y Riostras\"}]},{\"@type\":\"WebSite\",\"@id\":\"http:\/\/freiheitsgrad-ingenieure.de\/es\/#website\",\"url\":\"http:\/\/freiheitsgrad-ingenieure.de\/es\/\",\"name\":\"Freiheitsgrad Ingenieure\",\"description\":\"Die Freiheitsgrad Ingenieurgesellschaft mbH ist ein Unternehmen in Schleswig-Holstein, das sich der Entwicklung von innovativen L\u00f6sungen in der Tragwerksplanung verschrieben hat.\",\"potentialAction\":[{\"@type\":\"SearchAction\",\"target\":{\"@type\":\"EntryPoint\",\"urlTemplate\":\"http:\/\/freiheitsgrad-ingenieure.de\/es\/?s={search_term_string}\"},\"query-input\":{\"@type\":\"PropertyValueSpecification\",\"valueRequired\":true,\"valueName\":\"search_term_string\"}}],\"inLanguage\":\"es\"}]}<\/script>\n<!-- \/ Yoast SEO plugin. -->","yoast_head_json":{"title":"Cimentaci\u00f3n de Pilas y Riostras - Freiheitsgrad Ingenieurgesellschaft mbH","robots":{"index":"index","follow":"follow","max-snippet":"max-snippet:-1","max-image-preview":"max-image-preview:large","max-video-preview":"max-video-preview:-1"},"canonical":"https:\/\/freiheitsgrad-ingenieure.de\/es\/cimentacion-de-pilas-y-riostras\/","og_locale":"es_ES","og_type":"article","og_title":"Cimentaci\u00f3n de Pilas y Riostras - Freiheitsgrad Ingenieurgesellschaft mbH","og_description":"Cimentaci\u00f3n de Pilas y Riostras Der Bau von Offshore &#8211; Windenergieanlagen erfordert von Ingenieuren und Kaufleuten die Bereitschaft zum Beschreiten neuer Wege. Die Pfahl-Streben-Gr\u00fcndung nimmt im besonderen Ma\u00df R\u00fccksicht auf die Bedingungen der Offshore -Windkraftnutzung. Die Pfahl\u2013Streben\u2013Gr\u00fcndung ist eine Variation des Tripods. The bracing framework is positioned above the design wave level and consists of [&hellip;]","og_url":"https:\/\/freiheitsgrad-ingenieure.de\/es\/cimentacion-de-pilas-y-riostras\/","og_site_name":"Freiheitsgrad Ingenieurgesellschaft mbH","article_modified_time":"2025-10-27T11:59:53+00:00","og_image":[{"url":"http:\/\/freiheitsgrad-ingenieure.de\/wp-content\/uploads\/2024\/07\/pfahl-streben-grafik.webp","type":"","width":"","height":""}],"twitter_card":"summary_large_image","schema":{"@context":"https:\/\/schema.org","@graph":[{"@type":"WebPage","@id":"https:\/\/freiheitsgrad-ingenieure.de\/es\/cimentacion-de-pilas-y-riostras\/","url":"https:\/\/freiheitsgrad-ingenieure.de\/es\/cimentacion-de-pilas-y-riostras\/","name":"Cimentaci\u00f3n de Pilas y Riostras - Freiheitsgrad Ingenieurgesellschaft mbH","isPartOf":{"@id":"http:\/\/freiheitsgrad-ingenieure.de\/es\/#website"},"primaryImageOfPage":{"@id":"https:\/\/freiheitsgrad-ingenieure.de\/es\/cimentacion-de-pilas-y-riostras\/#primaryimage"},"image":{"@id":"https:\/\/freiheitsgrad-ingenieure.de\/es\/cimentacion-de-pilas-y-riostras\/#primaryimage"},"thumbnailUrl":"http:\/\/freiheitsgrad-ingenieure.de\/wp-content\/uploads\/2024\/07\/pfahl-streben-grafik.webp","datePublished":"2024-06-13T07:40:56+00:00","dateModified":"2025-10-27T11:59:53+00:00","breadcrumb":{"@id":"https:\/\/freiheitsgrad-ingenieure.de\/es\/cimentacion-de-pilas-y-riostras\/#breadcrumb"},"inLanguage":"es","potentialAction":[{"@type":"ReadAction","target":["https:\/\/freiheitsgrad-ingenieure.de\/es\/cimentacion-de-pilas-y-riostras\/"]}]},{"@type":"ImageObject","inLanguage":"es","@id":"https:\/\/freiheitsgrad-ingenieure.de\/es\/cimentacion-de-pilas-y-riostras\/#primaryimage","url":"http:\/\/freiheitsgrad-ingenieure.de\/wp-content\/uploads\/2024\/07\/pfahl-streben-grafik.webp","contentUrl":"http:\/\/freiheitsgrad-ingenieure.de\/wp-content\/uploads\/2024\/07\/pfahl-streben-grafik.webp"},{"@type":"BreadcrumbList","@id":"https:\/\/freiheitsgrad-ingenieure.de\/es\/cimentacion-de-pilas-y-riostras\/#breadcrumb","itemListElement":[{"@type":"ListItem","position":1,"name":"Startseite","item":"http:\/\/freiheitsgrad-ingenieure.de\/es\/"},{"@type":"ListItem","position":2,"name":"Cimentaci\u00f3n de Pilas y Riostras"}]},{"@type":"WebSite","@id":"http:\/\/freiheitsgrad-ingenieure.de\/es\/#website","url":"http:\/\/freiheitsgrad-ingenieure.de\/es\/","name":"Freiheitsgrad Ingenieure","description":"Die Freiheitsgrad Ingenieurgesellschaft mbH ist ein Unternehmen in Schleswig-Holstein, das sich der Entwicklung von innovativen L\u00f6sungen in der Tragwerksplanung verschrieben hat.","potentialAction":[{"@type":"SearchAction","target":{"@type":"EntryPoint","urlTemplate":"http:\/\/freiheitsgrad-ingenieure.de\/es\/?s={search_term_string}"},"query-input":{"@type":"PropertyValueSpecification","valueRequired":true,"valueName":"search_term_string"}}],"inLanguage":"es"}]}},"_links":{"self":[{"href":"https:\/\/freiheitsgrad-ingenieure.de\/es\/wp-json\/wp\/v2\/pages\/402","targetHints":{"allow":["GET"]}}],"collection":[{"href":"https:\/\/freiheitsgrad-ingenieure.de\/es\/wp-json\/wp\/v2\/pages"}],"about":[{"href":"https:\/\/freiheitsgrad-ingenieure.de\/es\/wp-json\/wp\/v2\/types\/page"}],"author":[{"embeddable":true,"href":"https:\/\/freiheitsgrad-ingenieure.de\/es\/wp-json\/wp\/v2\/users\/1"}],"replies":[{"embeddable":true,"href":"https:\/\/freiheitsgrad-ingenieure.de\/es\/wp-json\/wp\/v2\/comments?post=402"}],"version-history":[{"count":1,"href":"https:\/\/freiheitsgrad-ingenieure.de\/es\/wp-json\/wp\/v2\/pages\/402\/revisions"}],"predecessor-version":[{"id":403,"href":"https:\/\/freiheitsgrad-ingenieure.de\/es\/wp-json\/wp\/v2\/pages\/402\/revisions\/403"}],"wp:attachment":[{"href":"https:\/\/freiheitsgrad-ingenieure.de\/es\/wp-json\/wp\/v2\/media?parent=402"}],"curies":[{"name":"wp","href":"https:\/\/api.w.org\/{rel}","templated":true}]}}